{"id":21314,"date":"2015-02-26T13:20:22","date_gmt":"2015-02-26T13:20:22","guid":{"rendered":"http:\/\/blueowlcreative.com\/wp\/fortuna_export\/?page_id=21314"},"modified":"2025-11-19T12:26:17","modified_gmt":"2025-11-19T10:26:17","slug":"contact","status":"publish","type":"page","link":"https:\/\/www.arthaudyachting.com\/en\/contact\/","title":{"rendered":"Contact"},"content":{"rendered":"<div class=\"wpb-content-wrapper\"><p>[vc_row full_width=&#8221;stretch_row_content&#8221; css=&#8221;.vc_custom_1586422342047{margin-top: 20px !important;}&#8221;][vc_column el_class=&#8221;no_side_padding_in_responsive_column&#8221; css=&#8221;.vc_custom_1584554592422{padding-right: 50px !important;}&#8221;]<h1 class=\"boc_heading  center  \"  style=\"margin-bottom: 20px;margin-top: 10px;color: #333333;\"><span>Contact us<\/span><\/h1><div class=\"boc_divider_holder\"><div class=\"boc_divider  \"  style=\"margin-top: 20px;margin-bottom: 20px;width: 200px;margin-left: auto; margin-right: auto;height: 1px;background: #eeeeee;\"><\/div><\/div>[vc_raw_html el_class=&#8221;center&#8221;]JTA5JTNDZGl2JTIwY2xhc3MlM0QlMjJib2NfY29udGFjdF9pY29uJTIyJTNFJTNDc3BhbiUyMGNsYXNzJTNEJTIyaWNvbiUyMGljb24tbW9iaWxlMyUyMiUzRSUzQyUyRnNwYW4lM0UlM0NhJTIwdGl0bGUlM0QlMjJUZWwlMjBBcnRoYXVkJTIwWWFjaHRpbmclMjAtJTIwQWdlbmNlJTIwJUMzJUE5diVDMyVBOW5lbWVudGllbGxlJTIwQ2FubmVzJTIyJTIwaHJlZiUzRCUyMnRlbCUzQSUyQjMzJTIwJTI4MCUyOSUyMDQlMjA5MyUyMDYxJTIwNTElMjA2MCUyMiUzRSUyQjMzJTIwJTI4MCUyOSUyMDQlMjA5MyUyMDYxJTIwNTElMjA2MCUzQyUyRmElM0UlM0MlMkZkaXYlM0UlMEElMDklMDklMEElMDklMDklMDklMDklM0NkaXYlMjBjbGFzcyUzRCUyMmJvY19jb250YWN0X2ljb24lMjIlM0UlM0NzcGFuJTIwY2xhc3MlM0QlMjJpY29uJTIwaWNvbi1tYWlsMiUyMiUzRSUzQyUyRnNwYW4lM0UlM0NhJTIwaHJlZiUzRCUyMm1haWx0byUzQWNvbnRhY3QlNDBhcnRoYXVkeWFjaHRpbmcuY29tJTIyJTIwdGFyZ2V0JTNEJTIyX2JsYW5rJTIyJTIwdGl0bGUlM0QlMjJFbWFpbCUyMEFydGhhdWQlMjBZYWNodGluZyUyMC0lMjBBZ2VuY2UlMjAlQzMlQTl2JUMzJUE5bmVtZW50aWVsbGUlMjBDYW5uZXMlMjIlM0Vjb250YWN0JTQwYXJ0aGF1ZHlhY2h0aW5nLmNvbSUzQyUyRmElM0UlM0MlMkZkaXYlM0UlMEElMDklMDklMEElM0NkaXYlMjBjbGFzcyUzRCUyMmJvY19jb250YWN0X2ljb24lMjIlM0UlM0NzcGFuJTIwY2xhc3MlM0QlMjJpY29uJTIwaWNvbi1sb2NhdGlvbjIlMjBiaWdnZXIlMjIlM0UlM0MlMkZzcGFuJTNFJTIwMTYlMjAtJTIwMTglMjBSdWUlMjBkZXMlMjBTdWlzc2VzJTJDJTIwMDY0MDAlMjBDYW5uZXMlMkMlMjBGcmFuY2UlM0MlMkZkaXYlM0U=[\/vc_raw_html]<a\thref=\"https:\/\/www.arthaudyachting.com\/en\/quote-event-management-agency\/\" \n\t\t\t\tclass=\"button btn_medium_stretched btn_dark btn_rounded btn_outline icon_pos_after   yesbutton\"  target='_self'><span>Information request form<\/span> <i class='icon icon-file-text'><\/i> <\/a>[\/vc_column][\/vc_row][vc_row css=&#8221;.vc_custom_1544178638344{margin-top: 20px !important;}&#8221;][vc_column]<h2 class=\"boc_heading  al_left  bgr_dotted  \"  style=\"margin-bottom: 20px;margin-top: 0px;color: #333333;\"><span>Client testimonials<\/span><\/h2><!-- Testimonials -->\n\t\t\t\t<div class=\"testimonials\">\n\t\t\t\t\t<div id=\"testimonial_carousel_57283\" style=\"opacity: 0;\" class=\"testimonials_carousel  testimonial_style_big\">\t<div class=\"testimonial_quote boc_owl_lazy\">\n\t\t\t\t\t\t<div class=\"quote_content\">\n\t\t\t\t\t\t\t<p>&#8220;First of all, we would like to thank your teams for their assistance in making this a very successful event. The people were delighted, so thank you once again. We can&#8217;t wait to receive the photos!&#8221;<\/p>\n\t\t\t\t\t\t\t<span class=\"quote_arrow\"><\/span>\n\t\t\t\t\t\t<\/div>\n\t\t\t\t\t\t<div class=\"quote_author heading_font\"><img decoding=\"async\" width=\"120\" height=\"120\" src=\"https:\/\/www.arthaudyachting.com\/wp-content\/uploads\/2015\/11\/adidas-arthaud-yachting-cannes1.png\" class=\"attachment-full size-full\" alt=\"Adidas - Arthaud Yachting - Agence \u00e9v\u00e9nementielle Cannes\" title=\"|\"><div class=\"icon_testimonial\">Adidas<\/div><span class=\"quote_author_description\">Marketing Manager<\/span>\t<\/div>\n\t\t\t\t\t<\/div>\t<div class=\"testimonial_quote boc_owl_lazy\">\n\t\t\t\t\t\t<div class=\"quote_content\">\n\t\t\t\t\t\t\t<p>&#8221; First of all, I would like to congratulate you and all your team for this regatta and the fireworks that you put on for our Cartier customers last Friday. Everything was perfect: flawless organisation, friendly skippers, superb boats, ideal weather, the helicopter was right on time, the photographer was brilliant, the cameraman was a real artist &#8211; the whole works! And no doubt I&#8217;m forgetting some things!&#8221;<\/p>\n\t\t\t\t\t\t\t<span class=\"quote_arrow\"><\/span>\n\t\t\t\t\t\t<\/div>\n\t\t\t\t\t\t<div class=\"quote_author heading_font\"><img decoding=\"async\" width=\"120\" height=\"120\" src=\"https:\/\/www.arthaudyachting.com\/wp-content\/uploads\/2015\/11\/cartier-arthaud-yachting-cannes.png\" class=\"attachment-full size-full\" alt=\"Cartier - Arthaud Yachting - Agence \u00e9v\u00e9nementielle Cannes\" title=\"|\"><div class=\"icon_testimonial\">Cartier Paris<\/div><span class=\"quote_author_description\"><\/span>\t<\/div>\n\t\t\t\t\t<\/div>\t<div class=\"testimonial_quote boc_owl_lazy\">\n\t\t\t\t\t\t<div class=\"quote_content\">\n\t\t\t\t\t\t\t<p>&#8220;Once again, a big thank you for yesterday&#8217;s event. The boat was perfect and very pleasant. The clients loved it, they went swimming and enjoyed every minute. Thank you for your reactivity. The crews were really perfect and cheerful &#8211; a great moment.&#8221;<\/p>\n\t\t\t\t\t\t\t<span class=\"quote_arrow\"><\/span>\n\t\t\t\t\t\t<\/div>\n\t\t\t\t\t\t<div class=\"quote_author heading_font\"><img decoding=\"async\" width=\"120\" height=\"120\" src=\"https:\/\/www.arthaudyachting.com\/wp-content\/uploads\/2015\/11\/bmw-arthaud-yachting-cannes.png\" class=\"attachment-full size-full\" alt=\"BMW | Client Arthaud Yachting\" title=\"|\"><div class=\"icon_testimonial\">BMW<\/div><span class=\"quote_author_description\"><\/span>\t<\/div>\n\t\t\t\t\t<\/div>\t<div class=\"testimonial_quote boc_owl_lazy\">\n\t\t\t\t\t\t<div class=\"quote_content\">\n\t\t\t\t\t\t\t<p>&#8220;This event will remain an unforgettable moment for them, rich in authenticity and emotions. It is &#8220;mission accomplished&#8221; from our point of view! The regatta corresponded exactly to our ambition to present the French Riviera to our clients from another perspective.&#8221;<\/p>\n\t\t\t\t\t\t\t<span class=\"quote_arrow\"><\/span>\n\t\t\t\t\t\t<\/div>\n\t\t\t\t\t\t<div class=\"quote_author heading_font\"><img decoding=\"async\" width=\"120\" height=\"120\" src=\"https:\/\/www.arthaudyachting.com\/wp-content\/uploads\/2015\/11\/geneve-arthaud-yachting-cannes.png\" class=\"attachment-full size-full\" alt=\"Gen\u00e8ve - Arthaud Yachting - Agence \u00e9v\u00e9nementielle Cannes\" title=\"|\"><div class=\"icon_testimonial\">Agence de Gen\u00e8ve<\/div><span class=\"quote_author_description\"><\/span>\t<\/div>\n\t\t\t\t\t<\/div>\t<div class=\"testimonial_quote boc_owl_lazy\">\n\t\t\t\t\t\t<div class=\"quote_content\">\n\t\t\t\t\t\t\t<p>&#8220;Thank you once again for all your wonderful assistance in making the day of yachting with our guest a success.&#8221;<\/p>\n\t\t\t\t\t\t\t<span class=\"quote_arrow\"><\/span>\n\t\t\t\t\t\t<\/div>\n\t\t\t\t\t\t<div class=\"quote_author heading_font\"><img decoding=\"async\" width=\"120\" height=\"120\" src=\"https:\/\/www.arthaudyachting.com\/wp-content\/uploads\/2015\/11\/johny-walker-arthaud-yachting-cannes.png\" class=\"attachment-full size-full\" alt=\"Johny Walker - Arthaud Yachting - Agence \u00e9v\u00e9nementielle Cannes\" title=\"|\"><div class=\"icon_testimonial\">Johny Walker<\/div><span class=\"quote_author_description\"><\/span>\t<\/div>\n\t\t\t\t\t<\/div><\/div>\n\t\t\t\t<\/div>\n\t\t\t\t<!-- Testimonials::END -->\n\n\t\t\t\t<!-- Testimonials Carousel JS -->\n\t\t\t\t<script type=\"text\/javascript\">\n\n\t\t\t\t\tjQuery(document).ready(function($) {\n\n\t\t\t\t\t\tvar carousel = $(\"#testimonial_carousel_57283\");\n\n\t\t\t\t\t\tvar args = {\n\t\t\t\t\t\t\tonInitialized:  \t\tbocShowTestimonialCarousel_57283,\n\t\t\t\t\t\t\titems: 1,\n\t\t\t\t\t\t\tautoplay:\t\t\ttrue,\n\t\t\t\t\t\t\tautoplayTimeout:\t6000,\n\t\t\t\t\t\t\tloop: \t\t\t\ttrue,\n\t\t\t\t\t\t\tnav: \t\t\t\ttrue,\n\t\t\t\t\t\t\tdots: \t\t\t\tfalse,\n\t\t\t\t\t\t\tautoHeight: \t\t\tfalse,\n\t\t\t\t\t\t\tnavText:\t\t\t\t[\"<span class='icon  icon-angle-left-circle'><\/span>\",\"<span class='icon icon-angle-right-circle'><\/span>\"],\n\t\t\t\t\t\t\tnavRewind: false,\n\t\t\t\t\t\t\trtl: \t\t\t\tfalse,\n\t\t\t\t\t\t\tsmartSpeed:\t\t\t600,\n\t\t\t\t\t\t\tmargin: \t\t\t\t10,\t\t\t\t\t\n\t\t\t\t\t\t\tanimateOut: \t\tfalse,\n\t\t\t\t\t\t\tanimateIn: \t\t\tfalse,\n\t\t\t\t\t\t};\n\n\t\t\t\t\t\tcarousel.owlCarousel(args);\n\n\t\t\t\t\t\tvar initital_width = carousel.css(\"width\");\n\t\t\t\t\t\t\n\t\t\t\t\t\t\/* Refresh it for full width rows *\/\n\t\t\t\t\t\t$(window).load(function(){\n\t\t\t\t\t\t\tif(carousel.css(\"width\") != initital_width) {\n\t\t\t\t\t\t\t\tcarousel.trigger(\"destroy.owl.carousel\").removeClass(\"owl-carousel owl-loaded\");\n\t\t\t\t\t\t\t\tcarousel.find(\".owl-stage-outer\").children().unwrap();\n\t\t\t\t\t\t\t\tcarousel.owlCarousel(args);\n\t\t\t\t\t\t\t}\n\t\t\t\t\t\t});\n\t\t\t\t\t\t\n\t\t\t\t\t\t\/* Show once loaded *\/\n\t\t\t\t\t\tfunction bocShowTestimonialCarousel_57283(){\n\t\t\t\t\t\t\tcarousel.fadeTo(0,1);\n\t\t\t\t\t\t\tjQuery(\"#testimonial_carousel_57283 .owl-item .boc_owl_lazy\").css(\"opacity\",\"1\");\n\t\t\t\t\t\t}\n\n\t\t\t\t\t});\n\t\n\t\t\t\t<\/script>\n\t\t\t\t<!-- Testimonials Carousel JS: END -->\t    \n    \n\t\n\t\t\t\t[\/vc_column][\/vc_row][vc_row full_width=&#8221;stretch_row&#8221; content_placement=&#8221;middle&#8221; disable_element=&#8221;yes&#8221; enable_overlay=&#8221;enable_overlay_value&#8221; el_class=&#8221;white_text&#8221; css=&#8221;.vc_custom_1763547804037{margin-bottom: 0px !important;padding-top: 20px !important;padding-bottom: 40px !important;background-image: url(https:\/\/www.arthaudyachting.com\/wp-content\/uploads\/2024\/01\/Newsletter-Arthaud-Yachting-3.jpg?id=79498) !important;background-position: center !important;background-repeat: no-repeat !important;background-size: cover !important;}&#8221;][vc_column][vc_column_text css_animation=&#8221;boc_animate_when_almost_visible boc_bottom-to-top&#8221;]<\/p>\n<h3 style=\"text-align: center;\"><img decoding=\"async\" class=\"aligncenter size-full wp-image-79484\" src=\"https:\/\/www.arthaudyachting.com\/wp-content\/uploads\/2024\/01\/newsletter-icon-1.png\" alt=\"|\" width=\"48\" height=\"48\" title=\"|\"><br \/>\nSubscribe to our newsletter<\/h3>\n<p style=\"text-align: center;\"><form method=\"post\" enctype=\"multipart\/form-data\" id=\"vfbp-form-8\" class=\"vfbp-form\"><div style=\"display:none;\"><label for=\"vfbp-EMAIL-AN8fuQyoDLXem\">If you are human, leave this field blank.<\/label><input size=\"25\" autocomplete=\"off\" type=\"text\" name=\"vfbp-EMAIL-AN8fuQyoDLXem\" value=\"\" id=\"\"><\/div><input type=\"hidden\" name=\"_vfb-timestamp-8\" value=\"1777455740\" id=\"\"><input type=\"hidden\" name=\"_vfb-form-id\" value=\"8\" id=\"\"><div class=\"vfb-col-3 vfb-fieldType-text\" id=\"vfbField101\"><div class=\"vfb-form-group\"><label for=\"vfb-field-101\" class=\"vfb-control-label\">First name <span class=\"vfb-required-asterisk\">*<\/span><\/label><div><input id=\"vfb-field-101\" class=\"vfb-form-control\" placeholder=\"First name\" required=\"required\" type=\"text\" name=\"vfb-field-101\" value=\"\"><\/div><\/div><\/div><div class=\"vfb-col-3 vfb-fieldType-text\" id=\"vfbField102\"><div class=\"vfb-form-group\"><label for=\"vfb-field-102\" class=\"vfb-control-label\">Last name <span class=\"vfb-required-asterisk\">*<\/span><\/label><div><input id=\"vfb-field-102\" class=\"vfb-form-control\" placeholder=\"Last name\" required=\"required\" type=\"text\" name=\"vfb-field-102\" value=\"\"><\/div><\/div><\/div><div class=\"vfb-col-3 vfb-fieldType-email\" id=\"vfbField103\"><div class=\"vfb-form-group\"><label for=\"vfb-field-103\" class=\"vfb-control-label\">Email <span class=\"vfb-required-asterisk\">*<\/span><\/label><div><input id=\"vfb-field-103\" class=\"vfb-form-control\" placeholder=\"Email\" required=\"required\" type=\"email\" name=\"vfb-field-103\" value=\"\"><\/div><\/div><\/div><div class=\"vfb-col-3 vfb-fieldType-submit\" id=\"vfbField104\"><button id=\"vfb-field-104\" class=\" yesbutton btn btn-primary\" placeholder=\"\" type=\"submit\" name=\"_vfb-submit\">Submit<\/button><\/div><div class=\"vfb-clearfix\"><\/div><\/form><\/p>\n<p style=\"text-align: center;\">By clicking on Submit, you accept our privacy policy.<\/p>\n<p>[\/vc_column_text][\/vc_column][\/vc_row]<\/p>\n<\/div>","protected":false},"excerpt":{"rendered":"<p>[vc_row full_width=&#8221;stretch_row_content&#8221; css=&#8221;.vc_custom_1586422342047{margin-top: 20px !important;}&#8221;][vc_column el_class=&#8221;no_side_padding_in_responsive_column&#8221; css=&#8221;.vc_custom_1584554592422{padding-right: 50px !important;}&#8221;][vc_raw_html el_class=&#8221;center&#8221;]JTA5JTNDZGl2JTIwY2xhc3MlM0QlMjJib2NfY29udGFjdF9pY29uJTIyJTNFJTNDc3BhbiUyMGNsYXNzJTNEJTIyaWNvbiUyMGljb24tbW9iaWxlMyUyMiUzRSUzQyUyRnNwYW4lM0UlM0NhJTIwdGl0bGUlM0QlMjJUZWwlMjBBcnRoYXVkJTIwWWFjaHRpbmclMjAtJTIwQWdlbmNlJTIwJUMzJUE5diVDMyVBOW5lbWVudGllbGxlJTIwQ2FubmVzJTIyJTIwaHJlZiUzRCUyMnRlbCUzQSUyQjMzJTIwJTI4MCUyOSUyMDQlMjA5MyUyMDYxJTIwNTElMjA2MCUyMiUzRSUyQjMzJTIwJTI4MCUyOSUyMDQlMjA5MyUyMDYxJTIwNTElMjA2MCUzQyUyRmElM0UlM0MlMkZkaXYlM0UlMEElMDklMDklMEElMDklMDklMDklMDklM0NkaXYlMjBjbGFzcyUzRCUyMmJvY19jb250YWN0X2ljb24lMjIlM0UlM0NzcGFuJTIwY2xhc3MlM0QlMjJpY29uJTIwaWNvbi1tYWlsMiUyMiUzRSUzQyUyRnNwYW4lM0UlM0NhJTIwaHJlZiUzRCUyMm1haWx0byUzQWNvbnRhY3QlNDBhcnRoYXVkeWFjaHRpbmcuY29tJTIyJTIwdGFyZ2V0JTNEJTIyX2JsYW5rJTIyJTIwdGl0bGUlM0QlMjJFbWFpbCUyMEFydGhhdWQlMjBZYWNodGluZyUyMC0lMjBBZ2VuY2UlMjAlQzMlQTl2JUMzJUE5bmVtZW50aWVsbGUlMjBDYW5uZXMlMjIlM0Vjb250YWN0JTQwYXJ0aGF1ZHlhY2h0aW5nLmNvbSUzQyUyRmElM0UlM0MlMkZkaXYlM0UlMEElMDklMDklMEElM0NkaXYlMjBjbGFzcyUzRCUyMmJvY19jb250YWN0X2ljb24lMjIlM0UlM0NzcGFuJTIwY2xhc3MlM0QlMjJpY29uJTIwaWNvbi1sb2NhdGlvbjIlMjBiaWdnZXIlMjIlM0UlM0MlMkZzcGFuJTNFJTIwMTYlMjAtJTIwMTglMjBSdWUlMjBkZXMlMjBTdWlzc2VzJTJDJTIwMDY0MDAlMjBDYW5uZXMlMkMlMjBGcmFuY2UlM0MlMkZkaXYlM0U=[\/vc_raw_html][\/vc_column][\/vc_row][vc_row css=&#8221;.vc_custom_1544178638344{margin-top: 20px !important;}&#8221;][vc_column][\/vc_column][\/vc_row][vc_row full_width=&#8221;stretch_row&#8221; content_placement=&#8221;middle&#8221; disable_element=&#8221;yes&#8221; enable_overlay=&#8221;enable_overlay_value&#8221; el_class=&#8221;white_text&#8221; css=&#8221;.vc_custom_1763547804037{margin-bottom: 0px !important;padding-top: 20px !important;padding-bottom: 40px !important;background-image: url(https:\/\/www.arthaudyachting.com\/wp-content\/uploads\/2024\/01\/Newsletter-Arthaud-Yachting-3.jpg?id=79498) !important;background-position: center !important;background-repeat: no-repeat !important;background-size: cover !important;}&#8221;][vc_column][vc_column_text css_animation=&#8221;boc_animate_when_almost_visible boc_bottom-to-top&#8221;] Subscribe to our newsletter By clicking on Submit, you accept our privacy policy. [\/vc_column_text][\/vc_column][\/vc_row]<\/p>\n","protected":false},"author":1,"featured_media":119288,"parent":0,"menu_order":0,"comment_status":"open","ping_status":"open","template":"contact.php","meta":{"_acf_changed":false,"footnotes":""},"class_list":["post-21314","page","type-page","status-publish","has-post-thumbnail","hentry"],"acf":[],"_links":{"self":[{"href":"https:\/\/www.arthaudyachting.com\/en\/wp-json\/wp\/v2\/pages\/21314","targetHints":{"allow":["GET"]}}],"collection":[{"href":"https:\/\/www.arthaudyachting.com\/en\/wp-json\/wp\/v2\/pages"}],"about":[{"href":"https:\/\/www.arthaudyachting.com\/en\/wp-json\/wp\/v2\/types\/page"}],"author":[{"embeddable":true,"href":"https:\/\/www.arthaudyachting.com\/en\/wp-json\/wp\/v2\/users\/1"}],"replies":[{"embeddable":true,"href":"https:\/\/www.arthaudyachting.com\/en\/wp-json\/wp\/v2\/comments?post=21314"}],"version-history":[{"count":3,"href":"https:\/\/www.arthaudyachting.com\/en\/wp-json\/wp\/v2\/pages\/21314\/revisions"}],"predecessor-version":[{"id":119537,"href":"https:\/\/www.arthaudyachting.com\/en\/wp-json\/wp\/v2\/pages\/21314\/revisions\/119537"}],"wp:featuredmedia":[{"embeddable":true,"href":"https:\/\/www.arthaudyachting.com\/en\/wp-json\/wp\/v2\/media\/119288"}],"wp:attachment":[{"href":"https:\/\/www.arthaudyachting.com\/en\/wp-json\/wp\/v2\/media?parent=21314"}],"curies":[{"name":"wp","href":"https:\/\/api.w.org\/{rel}","templated":true}]}}